{"id":33,"date":"2016-03-30T14:02:25","date_gmt":"2016-03-30T12:02:25","guid":{"rendered":"https:\/\/www.vnu-ev.de\/en\/?page_id=33"},"modified":"2024-05-16T18:56:57","modified_gmt":"2024-05-16T16:56:57","slug":"mission-statement","status":"publish","type":"page","link":"https:\/\/www.vnu-ev.de\/en\/about-us\/mission-statement","title":{"rendered":"Mission statement"},"content":{"rendered":"<h3><img loading=\"lazy\" decoding=\"async\" class=\"wp-image-916 alignnone alignleft\" src=\"https:\/\/www.vnu-ev.de\/wp-content\/uploads\/2016\/10\/VNU_Logo_300_px_gro\u00df-300x208.jpg\" alt=\"VNU e.V.\" width=\"144\" height=\"100\" \/><\/h3>\n<h2 style=\"text-align: left;\">Das Leitbild des VNU<\/h2>\n<p style=\"text-align: left;\">Der VNU e.V. ist der Verband f\u00fcr Nachhaltigkeits- und Umweltmanagement und tr\u00e4gt vor allem \u00fcber die Akteure der Wirtschaft zu einer nachhaltigen Entwicklung der gesamten Gesellschaft bei<strong>. \u00a0<\/strong>Damit die Lebensgrundlagen heute und f\u00fcr nachfolgende Generationen erhalten und m\u00f6glichst verbessert werden, engagiert sich der VNU f\u00fcr die Verkn\u00fcpfung \u00f6kologischer und sozialer Bed\u00fcrfnisse mit dem wirtschaftlichen Erfolg, um alle Aspekte der Nachhaltigkeit dauerhaft in den Organisationsstrukturen und Managementsystemen zu verankern.<\/p>\n<p style=\"text-align: left;\"><strong>Daraus leitet der Verband folgende strategischen Ziele ab:<\/strong><\/p>\n<ol style=\"text-align: left;\">\n<li>Wir unterst\u00fctzen Akteure aus Wirtschaft, Politik, Gesellschaft und Wissenschaft auf dem Weg zur Nachhaltigkeit im inter-\/nationalen Umfeld.<\/li>\n<li>Wir wirken durch die vielf\u00e4ltige Anwendung von Managementsystemen auf die langfristige Umsetzung von Umwelt- und Nachhaltigkeitsthemen hin.<\/li>\n<li>Wir f\u00f6rdern das Bewusstsein f\u00fcr Herausforderungen einer zukunftsf\u00e4higen Gesellschaft und tragen somit zu einer fundierten Meinungsbildung bei.<\/li>\n<li>Wir zeigen L\u00f6sungsoptionen f\u00fcr eine nachhaltige Entwicklung auf und setzen uns daf\u00fcr ein, die erforderlichen Kompetenzen aller Akteure zu erh\u00f6hen.<\/li>\n<li>Wir engagieren uns f\u00fcr die Nachhaltigkeitsziele (SDGs) der Vereinten Nationen, insbesondere f\u00fcr bezahlbare und saubere Energie, f\u00fcr Innovationen in der Industrie und in der Infrastruktur, f\u00fcr den nachhaltigen Konsum, f\u00fcr den Klimaschutz sowie f\u00fcr die F\u00f6rderung von Partnerschaften.<\/li>\n<\/ol>\n<p style=\"text-align: left;\"><strong>Diese Ziele verfolgt der VNU mit folgenden Mitteln:<\/strong><\/p>\n<ol style=\"text-align: left;\">\n<li>Wir bringen Menschen zusammen, um sich \u00fcber Nachhaltigkeitsthemen auszutauschen, voneinander zu lernen und Innovationen zu f\u00f6rdern.<\/li>\n<li>Wir bringen uns aktiv in nationale und internationale Gremienarbeit, Normungs- und Gesetzgebungsverfahren zu Umwelt- und Nachhaltigkeitsthemen ein.<\/li>\n<li>Wir respektieren unterschiedliche Meinungen und suchen den konstruktiven Konsens.<\/li>\n<li>Wir nutzen die F\u00e4higkeiten und die Expertise der VNU-Mitglieder.<\/li>\n<li>Wir achten auf unsere Glaubw\u00fcrdigkeit und Integrit\u00e4t und agieren offen, fair, wertsch\u00e4tzend und transparent.<\/li>\n<\/ol>\n<p style=\"text-align: left;\">Wir \u00fcberpr\u00fcfen die Verwirklichung dieses Leitbildes und entwickeln seine Inhalte in regelm\u00e4\u00dfigen Abst\u00e4nden weiter.<\/p>\n<p style=\"text-align: left;\">Frankfurt, den 24. April 2024<\/p>\n<p style=\"text-align: left;\"><strong>Lennart Schleicher\u00a0\u00a0\u00a0\u00a0\u00a0\u00a0\u00a0\u00a0\u00a0\u00a0\u00a0\u00a0\u00a0\u00a0\u00a0\u00a0\u00a0\u00a0\u00a0\u00a0\u00a0\u00a0\u00a0\u00a0\u00a0\u00a0\u00a0\u00a0\u00a0\u00a0\u00a0\u00a0\u00a0\u00a0\u00a0\u00a0\u00a0\u00a0\u00a0\u00a0\u00a0\u00a0\u00a0\u00a0\u00a0\u00a0\u00a0 <\/strong><br \/>\nVorsitzender des Vorstands<\/p>\n<p style=\"text-align: left;\"><strong>Prof. Dr. Eberhard K. Seifert<\/strong><br \/>\nVorsitzender des Beirats<\/p>\n","protected":false},"excerpt":{"rendered":"<p>Das Leitbild des VNU Der VNU e.V. ist der Verband f\u00fcr Nachhaltigkeits- und Umweltmanagement und&#8230; <a class=\"read-more\" href=\"https:\/\/www.vnu-ev.de\/en\/about-us\/mission-statement\">More<\/a><\/p>\n","protected":false},"author":1,"featured_media":0,"parent":136,"menu_order":1,"comment_status":"closed","ping_status":"closed","template":"","meta":{"_acf_changed":false,"footnotes":""},"class_list":["post-33","page","type-page","status-publish","hentry"],"acf":[],"_links":{"self":[{"href":"https:\/\/www.vnu-ev.de\/en\/wp-json\/wp\/v2\/pages\/33","targetHints":{"allow":["GET"]}}],"collection":[{"href":"https:\/\/www.vnu-ev.de\/en\/wp-json\/wp\/v2\/pages"}],"about":[{"href":"https:\/\/www.vnu-ev.de\/en\/wp-json\/wp\/v2\/types\/page"}],"author":[{"embeddable":true,"href":"https:\/\/www.vnu-ev.de\/en\/wp-json\/wp\/v2\/users\/1"}],"replies":[{"embeddable":true,"href":"https:\/\/www.vnu-ev.de\/en\/wp-json\/wp\/v2\/comments?post=33"}],"version-history":[{"count":4,"href":"https:\/\/www.vnu-ev.de\/en\/wp-json\/wp\/v2\/pages\/33\/revisions"}],"predecessor-version":[{"id":5938,"href":"https:\/\/www.vnu-ev.de\/en\/wp-json\/wp\/v2\/pages\/33\/revisions\/5938"}],"up":[{"embeddable":true,"href":"https:\/\/www.vnu-ev.de\/en\/wp-json\/wp\/v2\/pages\/136"}],"wp:attachment":[{"href":"https:\/\/www.vnu-ev.de\/en\/wp-json\/wp\/v2\/media?parent=33"}],"curies":[{"name":"wp","href":"https:\/\/api.w.org\/{rel}","templated":true}]}}